{"id":112,"date":"2025-06-17T21:44:44","date_gmt":"2025-06-17T19:44:44","guid":{"rendered":"https:\/\/elidea-carrosserie.fr\/?page_id=112"},"modified":"2025-07-07T21:31:48","modified_gmt":"2025-07-07T19:31:48","slug":"qui-sommes-nous","status":"publish","type":"page","link":"https:\/\/elidea-carrosserie.fr\/index.php\/qui-sommes-nous\/","title":{"rendered":"Qui sommes nous ?"},"content":{"rendered":"\n<h2 class=\"wp-block-heading has-text-align-center\">Un carrossier-peintre itin\u00e9rant et polyvalent<\/h2>\n\n\n\n<p class=\"has-text-align-center\"><strong>\u00c9lidea Carrosserie<\/strong>, c\u2019est avant tout le savoir-faire d\u2019un artisan ind\u00e9pendant, dipl\u00f4m\u00e9 et exp\u00e9riment\u00e9, qui se d\u00e9place directement chez vous ou sur site pour prendre en charge vos travaux de carrosserie et de peinture automobile.<br>Fort de plus de 10 ans d\u2019exp\u00e9rience dans la r\u00e9paration et la mise en peinture de tous types de v\u00e9hicules, je propose un service <strong>itin\u00e9rant<\/strong> sur mesure, \u00e0 la fois pour les <strong>particuliers<\/strong> et les <strong>professionnels de l&#8217;automobile<\/strong>.<\/p>\n\n\n\n<div style=\"height:31px\" aria-hidden=\"true\" class=\"wp-block-spacer\"><\/div>\n\n\n\n<hr class=\"wp-block-separator has-text-color has-primary-color has-alpha-channel-opacity has-primary-background-color has-background is-style-default\" style=\"margin-top:var(--wp--preset--spacing--50);margin-bottom:var(--wp--preset--spacing--50)\"\/>\n\n\n\n<h3 class=\"wp-block-heading has-text-align-center\">Mes engagements<\/h3>\n\n\n\n<div class=\"wp-block-columns is-layout-flex wp-container-core-columns-is-layout-28f84493 wp-block-columns-is-layout-flex\">\n<div class=\"wp-block-column is-layout-flow wp-block-column-is-layout-flow\">\n<div class=\"wp-block-group has-global-padding is-layout-constrained wp-block-group-is-layout-constrained\">\n<div class=\"wp-block-group is-nowrap is-layout-flex wp-container-core-group-is-layout-6c531013 wp-block-group-is-layout-flex\">\n<figure class=\"wp-block-image size-full is-resized\"><img loading=\"lazy\" decoding=\"async\" width=\"128\" height=\"128\" src=\"http:\/\/elidea-carrosserie.fr\/wp-content\/uploads\/2025\/06\/ICONE-ELIDEA-ENGAGE.png\" alt=\"\" class=\"wp-image-54\" style=\"width:74px;height:auto\"\/><\/figure>\n\n\n\n<h4 class=\"wp-block-heading has-text-align-center has-primary-color has-text-color has-link-color wp-elements-87b4f97f4676d34c722477ee8e118bcb\"><strong> Qualit\u00e9 professionnelle :<\/strong><\/h4>\n<\/div>\n\n\n\n<p>Chaque intervention est r\u00e9alis\u00e9e avec soin, en utilisant des produits performants et des techniques respectant les normes constructeur.<\/p>\n<\/div>\n<\/div>\n\n\n\n<div class=\"wp-block-column is-layout-flow wp-block-column-is-layout-flow\">\n<div class=\"wp-block-group has-global-padding is-layout-constrained wp-block-group-is-layout-constrained\">\n<div class=\"wp-block-group is-nowrap is-layout-flex wp-container-core-group-is-layout-6c531013 wp-block-group-is-layout-flex\">\n<figure class=\"wp-block-image size-full is-resized\"><img decoding=\"async\" src=\"http:\/\/elidea-carrosserie.fr\/wp-content\/uploads\/2025\/07\/ICONES_REASSURANCES-ELIDEA_iICONE_MOBILE.png\" alt=\"\" class=\"wp-image-334\" style=\"width:75px;height:auto\"\/><\/figure>\n\n\n\n<h4 class=\"wp-block-heading has-primary-color has-text-color has-link-color wp-elements-ec7353bd2837dfa8773a163f1f3dac3b\">Service mobile :<\/h4>\n<\/div>\n\n\n\n<p>Nous intervenons directement sur site pour les professionnels ou nous r\u00e9cup\u00e9rons votre v\u00e9hicule \u00e0 domicile ou sur votre lieu de travail pour les particuliers.<\/p>\n<\/div>\n<\/div>\n<\/div>\n\n\n\n<div class=\"wp-block-columns is-layout-flex wp-container-core-columns-is-layout-28f84493 wp-block-columns-is-layout-flex\">\n<div class=\"wp-block-column is-layout-flow wp-block-column-is-layout-flow\">\n<div class=\"wp-block-group has-global-padding is-layout-constrained wp-block-group-is-layout-constrained\">\n<div class=\"wp-block-group is-nowrap is-layout-flex wp-container-core-group-is-layout-6c531013 wp-block-group-is-layout-flex\">\n<figure class=\"wp-block-image size-full\"><img loading=\"lazy\" decoding=\"async\" width=\"62\" height=\"62\" src=\"http:\/\/elidea-carrosserie.fr\/wp-content\/uploads\/2025\/07\/ICONES_REASSURANCES-ELIDEA_ICONE_REACTIVITE.png\" alt=\"\" class=\"wp-image-338\"\/><\/figure>\n\n\n\n<h4 class=\"wp-block-heading has-primary-color has-text-color has-link-color wp-elements-8cb259d9ec97446cdc3171ebdf21991b\"><strong> R\u00e9activit\u00e9 et souplesse :<\/strong><\/h4>\n<\/div>\n\n\n\n<p>Prise de rendez-vous rapide, adaptation \u00e0 vos contraintes, d\u00e9lais ma\u00eetris\u00e9s.<\/p>\n<\/div>\n\n\n\n<div class=\"wp-block-group is-nowrap is-layout-flex wp-container-core-group-is-layout-6c531013 wp-block-group-is-layout-flex\">\n<figure class=\"wp-block-image size-full\"><img loading=\"lazy\" decoding=\"async\" width=\"62\" height=\"62\" src=\"http:\/\/elidea-carrosserie.fr\/wp-content\/uploads\/2025\/07\/ICONES_REASSURANCES-ELIDEA_ICONE_POLYVALENCE.png\" alt=\"\" class=\"wp-image-335\"\/><\/figure>\n\n\n\n<h4 class=\"wp-block-heading has-primary-color has-text-color has-link-color wp-elements-4819fdf2a58e500f937b6de631980bd7\"><strong>Polyvalence<\/strong><\/h4>\n<\/div>\n\n\n\n<p>Prestations pour particuliers comme pour professionnels (garages, concessions, vendeurs V.O&#8230;).<\/p>\n<\/div>\n\n\n\n<div class=\"wp-block-column is-layout-flow wp-block-column-is-layout-flow\">\n<div class=\"wp-block-group has-global-padding is-layout-constrained wp-block-group-is-layout-constrained\">\n<div class=\"wp-block-group is-nowrap is-layout-flex wp-container-core-group-is-layout-6c531013 wp-block-group-is-layout-flex\">\n<div class=\"wp-block-group has-global-padding is-layout-constrained wp-block-group-is-layout-constrained\">\n<div class=\"wp-block-group is-nowrap is-layout-flex wp-container-core-group-is-layout-6c531013 wp-block-group-is-layout-flex\">\n<figure class=\"wp-block-image size-full\"><img loading=\"lazy\" decoding=\"async\" width=\"62\" height=\"62\" src=\"http:\/\/elidea-carrosserie.fr\/wp-content\/uploads\/2025\/07\/ICONES_REASSURANCES-ELIDEA_ICONE_CONFIANCE.png\" alt=\"\" class=\"wp-image-337\"\/><\/figure>\n\n\n\n<h4 class=\"wp-block-heading has-primary-color has-text-color has-link-color wp-elements-d7595ad7c878e52ab0228cb0ef0df3b7\"><strong>Confiance et transparence<\/strong><\/h4>\n<\/div>\n\n\n\n<p>Devis gratuit, prix justes, explication claire des travaux \u00e0 r\u00e9aliser<\/p>\n<\/div>\n<\/div>\n\n\n\n<div class=\"wp-block-group has-global-padding is-layout-constrained wp-block-group-is-layout-constrained\">\n<div class=\"wp-block-group is-nowrap is-layout-flex wp-container-core-group-is-layout-6c531013 wp-block-group-is-layout-flex\">\n<figure class=\"wp-block-image size-full\"><img loading=\"lazy\" decoding=\"async\" width=\"62\" height=\"62\" src=\"http:\/\/elidea-carrosserie.fr\/wp-content\/uploads\/2025\/07\/ICONES_REASSURANCES-ELIDEA_ICONE_OBJECTIF.png\" alt=\"\" class=\"wp-image-336\"\/><\/figure>\n\n\n\n<h4 class=\"wp-block-heading has-primary-color has-text-color has-link-color wp-elements-0ae3a39971b8f0bf1e7709930b2d8aab\"><strong>Mon objectif<\/strong><\/h4>\n<\/div>\n\n\n\n<p>Simplifier vos r\u00e9parations carrosserie, sans compromis sur la qualit\u00e9.<\/p>\n<\/div>\n<\/div>\n<\/div>\n<\/div>\n\n\n\n<hr class=\"wp-block-separator has-text-color has-primary-color has-alpha-channel-opacity has-primary-background-color has-background is-style-default\" style=\"margin-top:var(--wp--preset--spacing--50);margin-bottom:var(--wp--preset--spacing--50)\"\/>\n\n\n\n<div style=\"height:31px\" aria-hidden=\"true\" class=\"wp-block-spacer\"><\/div>\n\n\n\n<h3 class=\"wp-block-heading has-text-align-center has-primary-color has-text-color has-link-color wp-elements-e409b2f80277ba210b97c3115243071d\">&#8220;Que vous soyez un particulier soucieux de l\u2019\u00e9tat de votre voiture ou un professionnel \u00e0 la recherche d\u2019un partenaire de confiance, je suis \u00e0 votre \u00e9coute&#8221; .<\/h3>\n\n\n\n<p class=\"has-text-align-center has-body-text-color has-text-color has-link-color wp-elements-f91a9ae9acc815f655f26226f54e263c\"><em>Choisissez votre profil pour faire votre demande en ligne :<\/em><\/p>\n\n\n\n<div class=\"wp-block-buttons is-content-justification-center is-layout-flex wp-container-core-buttons-is-layout-a89b3969 wp-block-buttons-is-layout-flex\">\n<div class=\"wp-block-button is-style-fill\"><a class=\"wp-block-button__link wp-element-button\" href=\"https:\/\/elidea-carrosserie.fr\/index.php\/contact-devis\/\">Je suis particulier<\/a><\/div>\n\n\n\n<div class=\"wp-block-button is-style-fill\"><a class=\"wp-block-button__link wp-element-button\" href=\"https:\/\/elidea-carrosserie.fr\/index.php\/espace-pro\/\">Je suis professionnel<\/a><\/div>\n<\/div>\n\n\n\n<p><\/p>\n\n\n\n<p><\/p>\n","protected":false},"excerpt":{"rendered":"<p>Un carrossier-peintre itin\u00e9rant et polyvalent \u00c9lidea Carrosserie, c\u2019est avant tout le savoir-faire d\u2019un artisan ind\u00e9pendant, dipl\u00f4m\u00e9 et exp\u00e9riment\u00e9, qui se d\u00e9place directement chez vous ou sur site pour prendre en charge vos travaux de carrosserie et de peinture automobile.Fort de plus de 10 ans d\u2019exp\u00e9rience dans la r\u00e9paration et la mise en peinture de tous [&hellip;]<\/p>\n","protected":false},"author":1,"featured_media":13,"parent":0,"menu_order":0,"comment_status":"closed","ping_status":"closed","template":"","meta":{"footnotes":""},"class_list":["post-112","page","type-page","status-publish","has-post-thumbnail","hentry"],"aioseo_notices":[],"_links":{"self":[{"href":"https:\/\/elidea-carrosserie.fr\/index.php\/wp-json\/wp\/v2\/pages\/112","targetHints":{"allow":["GET"]}}],"collection":[{"href":"https:\/\/elidea-carrosserie.fr\/index.php\/wp-json\/wp\/v2\/pages"}],"about":[{"href":"https:\/\/elidea-carrosserie.fr\/index.php\/wp-json\/wp\/v2\/types\/page"}],"author":[{"embeddable":true,"href":"https:\/\/elidea-carrosserie.fr\/index.php\/wp-json\/wp\/v2\/users\/1"}],"replies":[{"embeddable":true,"href":"https:\/\/elidea-carrosserie.fr\/index.php\/wp-json\/wp\/v2\/comments?post=112"}],"version-history":[{"count":39,"href":"https:\/\/elidea-carrosserie.fr\/index.php\/wp-json\/wp\/v2\/pages\/112\/revisions"}],"predecessor-version":[{"id":342,"href":"https:\/\/elidea-carrosserie.fr\/index.php\/wp-json\/wp\/v2\/pages\/112\/revisions\/342"}],"wp:featuredmedia":[{"embeddable":true,"href":"https:\/\/elidea-carrosserie.fr\/index.php\/wp-json\/wp\/v2\/media\/13"}],"wp:attachment":[{"href":"https:\/\/elidea-carrosserie.fr\/index.php\/wp-json\/wp\/v2\/media?parent=112"}],"curies":[{"name":"wp","href":"https:\/\/api.w.org\/{rel}","templated":true}]}}