{"id":116,"date":"2025-06-17T21:49:22","date_gmt":"2025-06-17T19:49:22","guid":{"rendered":"https:\/\/elidea-carrosserie.fr\/?page_id=116"},"modified":"2025-07-02T23:12:08","modified_gmt":"2025-07-02T21:12:08","slug":"services","status":"publish","type":"page","link":"https:\/\/elidea-carrosserie.fr\/index.php\/services\/","title":{"rendered":"Nos Services"},"content":{"rendered":"\n<div class=\"wp-block-columns is-layout-flex wp-container-core-columns-is-layout-28f84493 wp-block-columns-is-layout-flex\">\n<div class=\"wp-block-column is-layout-flow wp-block-column-is-layout-flow\" style=\"flex-basis:66.66%\">\n<div class=\"wp-block-group is-nowrap is-layout-flex wp-container-core-group-is-layout-6c531013 wp-block-group-is-layout-flex\">\n<figure class=\"wp-block-image alignleft size-full is-resized\"><img loading=\"lazy\" decoding=\"async\" width=\"128\" height=\"128\" src=\"http:\/\/elidea-carrosserie.fr\/wp-content\/uploads\/2025\/06\/ICONE-ELIDEA-PRET.png\" alt=\"\" class=\"wp-image-51\" style=\"width:83px;height:auto\"\/><\/figure>\n\n\n\n<h2 class=\"wp-block-heading\">Pour les particuliers<\/h2>\n<\/div>\n<\/div>\n<\/div>\n\n\n\n<p>Vous avez une rayure, un choc, ou besoin d\u2019une remise en peinture ? Nous vous proposons un service <strong>cl\u00e9 en main<\/strong> :<\/p>\n\n\n\n<ul class=\"wp-block-list\">\n<li>Prenez contact avec nous pour avoir une <strong>estimation des travaux en ligne.<\/strong><\/li>\n\n\n\n<li><strong>Nous venons r\u00e9cup\u00e9rer votre v\u00e9hicule \u00e0 domicile ou sur votre lieu de travail<\/strong>, selon ce qui vous arrange.<\/li>\n\n\n\n<li><strong>Un v\u00e9hicule de courtoisie vous est pr\u00eat\u00e9<\/strong> le temps des r\u00e9parations.<\/li>\n\n\n\n<li>Les r\u00e9parations sont ensuite r\u00e9alis\u00e9es dans notre atelier, avec des produits professionnels et des finitions soign\u00e9es.<\/li>\n<\/ul>\n\n\n\n<p>Plus besoin de vous d\u00e9placer ni de bloquer votre emploi du temps :<strong> nous prenons en charge tout le processus<\/strong>, de l&#8217;estimation \u00e0 la restitution. Vous r\u00e9cup\u00e9rez votre voiture r\u00e9par\u00e9e, propre et pr\u00eate \u00e0 reprendre la route.<\/p>\n\n\n\n<p>Nous reprenons les codes de la r\u00e9paration \u00e0 domicile, mais sans \u00eatre oblig\u00e9 d&#8217;intervenir chez vous. Ce qui est beaucoup plus confortable. Vous n&#8217;\u00eates donc pas impact\u00e9 par la pr\u00e9sence d&#8217;un intervenant chez vous.<\/p>\n\n\n\n<p>C&#8217;est un service sur mesure qui fait notre identit\u00e9. Soucieux de votre satisfaction avant tout.<\/p>\n\n\n\n<div class=\"wp-block-group is-nowrap is-layout-flex wp-container-core-group-is-layout-6c531013 wp-block-group-is-layout-flex\">\n<figure class=\"wp-block-image alignleft size-full is-resized\"><img loading=\"lazy\" decoding=\"async\" width=\"128\" height=\"128\" src=\"http:\/\/elidea-carrosserie.fr\/wp-content\/uploads\/2025\/06\/ICONE-ELIDEA-ENGAGE.png\" alt=\"\" class=\"wp-image-54\" style=\"width:87px;height:auto\"\/><\/figure>\n\n\n\n<h2 class=\"wp-block-heading\">Pour les professionnels<\/h2>\n<\/div>\n\n\n\n<div class=\"wp-block-group is-nowrap is-layout-flex wp-container-core-group-is-layout-6c531013 wp-block-group-is-layout-flex\">\n<p>Garages, concessions, vendeurs V.O ou loueurs : nous vous proposons un service de <strong>sous-traitance itin\u00e9rant<\/strong> fiable et flexible, pour vous aider \u00e0 absorber les pics d\u2019activit\u00e9 ou compl\u00e9ter votre \u00e9quipe technique.<br>Nous pouvons intervenir directement dans vos ateliers pour des prestations de :<\/p>\n<\/div>\n\n\n\n<ul class=\"wp-block-list\">\n<li>remplacement d\u2019\u00e9l\u00e9ments de carrosserie amovibles et inamovibles<\/li>\n\n\n\n<li>redressage<\/li>\n\n\n\n<li>pr\u00e9paration peinture<\/li>\n\n\n\n<li>peinture compl\u00e8te ou partielle<\/li>\n\n\n\n<li>remplacement de vitrages<\/li>\n\n\n\n<li>r\u00e9paration plastique<\/li>\n\n\n\n<li>r\u00e9novation optiques &#8230;<\/li>\n<\/ul>\n\n\n\n<p>Une organisation souple et un travail soign\u00e9, r\u00e9alis\u00e9 dans le respect de vos standards qualit\u00e9 et de vos d\u00e9lais.<\/p>\n","protected":false},"excerpt":{"rendered":"<p>Pour les particuliers Vous avez une rayure, un choc, ou besoin d\u2019une remise en peinture ? Nous vous proposons un service cl\u00e9 en main : Plus besoin de vous d\u00e9placer ni de bloquer votre emploi du temps : nous prenons en charge tout le processus, de l&#8217;estimation \u00e0 la restitution. Vous r\u00e9cup\u00e9rez votre voiture r\u00e9par\u00e9e, [&hellip;]<\/p>\n","protected":false},"author":1,"featured_media":0,"parent":0,"menu_order":0,"comment_status":"closed","ping_status":"closed","template":"","meta":{"footnotes":""},"class_list":["post-116","page","type-page","status-publish","hentry"],"aioseo_notices":[],"_links":{"self":[{"href":"https:\/\/elidea-carrosserie.fr\/index.php\/wp-json\/wp\/v2\/pages\/116","targetHints":{"allow":["GET"]}}],"collection":[{"href":"https:\/\/elidea-carrosserie.fr\/index.php\/wp-json\/wp\/v2\/pages"}],"about":[{"href":"https:\/\/elidea-carrosserie.fr\/index.php\/wp-json\/wp\/v2\/types\/page"}],"author":[{"embeddable":true,"href":"https:\/\/elidea-carrosserie.fr\/index.php\/wp-json\/wp\/v2\/users\/1"}],"replies":[{"embeddable":true,"href":"https:\/\/elidea-carrosserie.fr\/index.php\/wp-json\/wp\/v2\/comments?post=116"}],"version-history":[{"count":14,"href":"https:\/\/elidea-carrosserie.fr\/index.php\/wp-json\/wp\/v2\/pages\/116\/revisions"}],"predecessor-version":[{"id":302,"href":"https:\/\/elidea-carrosserie.fr\/index.php\/wp-json\/wp\/v2\/pages\/116\/revisions\/302"}],"wp:attachment":[{"href":"https:\/\/elidea-carrosserie.fr\/index.php\/wp-json\/wp\/v2\/media?parent=116"}],"curies":[{"name":"wp","href":"https:\/\/api.w.org\/{rel}","templated":true}]}}